{"id":133,"date":"2026-04-05T15:53:22","date_gmt":"2026-04-05T15:53:22","guid":{"rendered":"https:\/\/www.heimatverein-gohr.de\/?page_id=133"},"modified":"2026-04-05T15:53:38","modified_gmt":"2026-04-05T15:53:38","slug":"133-2","status":"publish","type":"page","link":"https:\/\/www.heimatverein-gohr.de\/index.php\/133-2\/","title":{"rendered":"Testseite-2-"},"content":{"rendered":"\n<p><\/p>\n\n\n\n<!DOCTYPE html>\n<html lang=\"de\">\n<head>\n  <meta charset=\"UTF-8\">\n  <meta name=\"viewport\" content=\"width=device-width, initial-scale=1.0\">\n  <title>Heimat- und Geschichtsverein Gohr und Broich e.V.<\/title>\n  <link href=\"https:\/\/fonts.googleapis.com\/css2?family=Playfair+Display:wght@600;700&#038;family=Inter:wght@400;500;600&#038;display=swap\" rel=\"stylesheet\">\n  <style>\n    * { margin:0; padding:0; box-sizing:border-box; }\n    body {\n      font-family:'Inter', sans-serif;\n      background:#f7f4ee;\n      color:#1f2d2a;\n      line-height:1.6;\n    }\n    header {\n      background:linear-gradient(rgba(20,40,35,.65), rgba(20,40,35,.65)), url('https:\/\/images.unsplash.com\/photo-1505664194779-8beaceb93744?auto=format&fit=crop&w=1600&q=80') center\/cover;\n      height:100vh;\n      display:flex;\n      align-items:center;\n      justify-content:center;\n      text-align:center;\n      color:white;\n      padding:2rem;\n    }\n    header h1 {\n      font-family:'Playfair Display', serif;\n      font-size:4rem;\n      margin-bottom:1rem;\n    }\n    header p {\n      font-size:1.3rem;\n      max-width:700px;\n      margin:auto;\n    }\n    .btn {\n      display:inline-block;\n      margin-top:2rem;\n      padding:14px 28px;\n      background:#b08d57;\n      color:white;\n      text-decoration:none;\n      border-radius:30px;\n      font-weight:600;\n    }\n    section {\n      max-width:1200px;\n      margin:auto;\n      padding:5rem 2rem;\n    }\n    h2 {\n      font-family:'Playfair Display', serif;\n      font-size:2.5rem;\n      margin-bottom:2rem;\n      color:#1f3a32;\n    }\n    .cards {\n      display:grid;\n      grid-template-columns:repeat(auto-fit,minmax(280px,1fr));\n      gap:2rem;\n    }\n    .card {\n      background:white;\n      padding:2rem;\n      border-radius:18px;\n      box-shadow:0 10px 30px rgba(0,0,0,.08);\n    }\n    .gallery {\n      display:grid;\n      grid-template-columns:repeat(auto-fit,minmax(250px,1fr));\n      gap:1rem;\n    }\n    .gallery img {\n      width:100%;\n      border-radius:16px;\n      height:250px;\n      object-fit:cover;\n    }\n    footer {\n      background:#1f3a32;\n      color:white;\n      text-align:center;\n      padding:2rem;\n    }\n    .timeline {\n      border-left:3px solid #b08d57;\n      padding-left:2rem;\n    }\n    .timeline div {\n      margin-bottom:2rem;\n    }\n  <\/style>\n<\/head>\n<body>\n\n<header>\n  <div>\n    <h1>Heimat bewahren.<br>Geschichte lebendig machen.<\/h1>\n    <p>Willkommen beim Heimat- und Geschichtsverein Gohr und Broich e.V. \u2013 Tradition, Erinnerung und Zukunft unserer Heimat vereint.<\/p>\n    <a href=\"#verein\" class=\"btn\">Mehr entdecken<\/a>\n  <\/div>\n<\/header>\n\n<section id=\"verein\">\n  <h2>\u00dcber unseren Verein<\/h2>\n  <div class=\"cards\">\n    <div class=\"card\">\n      <h3>Archivarbeit<\/h3>\n      <p>Historische Dokumente, Bilder und Erinnerungen werden gesammelt und bewahrt.<\/p>\n    <\/div>\n    <div class=\"card\">\n      <h3>Veranstaltungen<\/h3>\n      <p>Vortr\u00e4ge, F\u00fchrungen und Begegnungen machen Geschichte erlebbar.<\/p>\n    <\/div>\n    <div class=\"card\">\n      <h3>Heimatpflege<\/h3>\n      <p>Kulturelles Erbe erhalten und Wissen an kommende Generationen weitergeben.<\/p>\n    <\/div>\n  <\/div>\n<\/section>\n\n<section>\n  <h2>Historische Galerie<\/h2>\n  <div class=\"gallery\">\n    <img decoding=\"async\" src=\"https:\/\/images.unsplash.com\/photo-1467269204594-9661b134dd2b?auto=format&#038;fit=crop&#038;w=800&#038;q=80\">\n    <img decoding=\"async\" src=\"https:\/\/images.unsplash.com\/photo-1473448912268-2022ce9509d8?auto=format&#038;fit=crop&#038;w=800&#038;q=80\">\n    <img decoding=\"async\" src=\"https:\/\/images.unsplash.com\/photo-1455885666463-9b9f9f0a2d7f?auto=format&#038;fit=crop&#038;w=800&#038;q=80\">\n    <img decoding=\"async\" src=\"https:\/\/images.unsplash.com\/photo-1501594907352-04cda38ebc29?auto=format&#038;fit=crop&#038;w=800&#038;q=80\">\n  <\/div>\n<\/section>\n\n<section>\n  <h2>Zeitstrahl unserer Heimat<\/h2>\n  <div class=\"timeline\">\n    <div>\n      <strong>12. Jahrhundert<\/strong>\n      <p>Erste urkundliche Erw\u00e4hnungen der Region.<\/p>\n    <\/div>\n    <div>\n      <strong>19. Jahrhundert<\/strong>\n      <p>Strukturwandel und Entwicklung des Dorflebens.<\/p>\n    <\/div>\n    <div>\n      <strong>Heute<\/strong>\n      <p>Engagement f\u00fcr lokale Geschichte und Gemeinschaft.<\/p>\n    <\/div>\n  <\/div>\n<\/section>\n\n<section>\n  <h2>Mitglied werden<\/h2>\n  <p>Geschichte lebt vom Mitmachen. Werden Sie Teil unseres Vereins und helfen Sie mit, Heimatgeschichte lebendig zu halten.<\/p>\n  <a href=\"#\" class=\"btn\">Kontakt aufnehmen<\/a>\n<\/section>\n\n<footer>\n  <p>\u00a9 2026 Heimat- und Geschichtsverein Gohr und Broich e.V. \u00b7 Ansprechpartner: Manfred Stefer \u00b7 Tel. 02182 9851<\/p>\n<\/footer>\n\n<section>\n  <h2>Vorstand<\/h2>\n  <div class=\"cards\">\n    <div class=\"card\"><h3>1. Vorsitzender<\/h3><p>Manfred Stefer<\/p><\/div>\n    <div class=\"card\"><h3>Stellvertretung<\/h3><p>Dr. Rudolf Kochs<\/p><\/div>\n    <div class=\"card\"><h3>Schriftf\u00fchrung<\/h3><p>Hermann-Josef Simonis<\/p><\/div>\n  <\/div>\n<\/section>\n\n<section>\n  <h2>Aktuelle Termine<\/h2>\n  <div class=\"cards\">\n    <div class=\"card\"><h3>Vortrag Heimatgeschichte<\/h3><p>15. Mai 2026 \u2013 B\u00fcrgerhaus Gohr<\/p><\/div>\n    <div class=\"card\"><h3>Historischer Rundgang<\/h3><p>12. Juni 2026 \u2013 Dorfzentrum Broich<\/p><\/div>\n    <div class=\"card\"><h3>Archivabend<\/h3><p>03. Juli 2026 \u2013 Vereinsarchiv<\/p><\/div>\n  <\/div>\n<\/section>\n\n<section>\n  <h2>Kontakt<\/h2>\n  <form style=\"display:grid; gap:1rem; max-width:600px;\">\n    <input type=\"text\" placeholder=\"Name\" style=\"padding:1rem; border-radius:10px; border:1px solid #ccc;\">\n    <input type=\"email\" placeholder=\"E-Mail\" style=\"padding:1rem; border-radius:10px; border:1px solid #ccc;\">\n    <textarea placeholder=\"Nachricht\" rows=\"5\" style=\"padding:1rem; border-radius:10px; border:1px solid #ccc;\"><\/textarea>\n    <button class=\"btn\" type=\"submit\">Nachricht senden<\/button>\n  <\/form>\n<\/section>\n\n<section>\n  <h2>Impressum &#038; Datenschutz<\/h2>\n  <p>Heimat- und Geschichtsverein Gohr und Broich e.V.<br>\n  Odilienstra\u00dfe 10, 41542 Dormagen<br>\n  E-Mail: stefer.gohr@gmx.de<\/p>\n  <p>Datenschutzhinweise gem\u00e4\u00df DSGVO erg\u00e4nzen.<\/p>\n<\/section>\n\n<\/body>\n<\/html>\n\n","protected":false},"excerpt":{"rendered":"<p>Heimat- und Geschichtsverein Gohr und Broich e.V. Heimat bewahren.Geschichte lebendig machen. Willkommen beim Heimat- und Geschichtsverein Gohr und Broich e.V. [&hellip;]<\/p>\n","protected":false},"author":1,"featured_media":0,"parent":0,"menu_order":0,"comment_status":"closed","ping_status":"closed","template":"","meta":{"site-sidebar-layout":"default","site-content-layout":"","ast-site-content-layout":"default","site-content-style":"default","site-sidebar-style":"default","ast-global-header-display":"","ast-banner-title-visibility":"","ast-main-header-display":"","ast-hfb-above-header-display":"","ast-hfb-below-header-display":"","ast-hfb-mobile-header-display":"","site-post-title":"","ast-breadcrumbs-content":"","ast-featured-img":"","footer-sml-layout":"","ast-disable-related-posts":"","theme-transparent-header-meta":"","adv-header-id-meta":"","stick-header-meta":"","header-above-stick-meta":"","header-main-stick-meta":"","header-below-stick-meta":"","astra-migrate-meta-layouts":"default","ast-page-background-enabled":"default","ast-page-background-meta":{"desktop":{"background-color":"var(--ast-global-color-5)","background-image":"","background-repeat":"repeat","background-position":"center center","background-size":"auto","background-attachment":"scroll","background-type":"","background-media":"","overlay-type":"","overlay-color":"","overlay-opacity":"","overlay-gradient":""},"tablet":{"background-color":"","background-image":"","background-repeat":"repeat","background-position":"center center","background-size":"auto","background-attachment":"scroll","background-type":"","background-media":"","overlay-type":"","overlay-color":"","overlay-opacity":"","overlay-gradient":""},"mobile":{"background-color":"","background-image":"","background-repeat":"repeat","background-position":"center center","background-size":"auto","background-attachment":"scroll","background-type":"","background-media":"","overlay-type":"","overlay-color":"","overlay-opacity":"","overlay-gradient":""}},"ast-content-background-meta":{"desktop":{"background-color":"var(--ast-global-color-4)","background-image":"","background-repeat":"repeat","background-position":"center center","background-size":"auto","background-attachment":"scroll","background-type":"","background-media":"","overlay-type":"","overlay-color":"","overlay-opacity":"","overlay-gradient":""},"tablet":{"background-color":"var(--ast-global-color-4)","background-image":"","background-repeat":"repeat","background-position":"center center","background-size":"auto","background-attachment":"scroll","background-type":"","background-media":"","overlay-type":"","overlay-color":"","overlay-opacity":"","overlay-gradient":""},"mobile":{"background-color":"var(--ast-global-color-4)","background-image":"","background-repeat":"repeat","background-position":"center center","background-size":"auto","background-attachment":"scroll","background-type":"","background-media":"","overlay-type":"","overlay-color":"","overlay-opacity":"","overlay-gradient":""}},"footnotes":""},"class_list":["post-133","page","type-page","status-publish","hentry"],"yoast_head":"<!-- This site is optimized with the Yoast SEO plugin v27.3 - https:\/\/yoast.com\/product\/yoast-seo-wordpress\/ -->\n<title>Testseite-2- Heimat- und Geschichtsverein Gohr und Broich e.V.<\/title>\n<meta name=\"robots\" content=\"index, follow, max-snippet:-1, max-image-preview:large, max-video-preview:-1\" \/>\n<link rel=\"canonical\" href=\"https:\/\/www.heimatverein-gohr.de\/index.php\/133-2\/\" \/>\n<meta property=\"og:locale\" content=\"de_DE\" \/>\n<meta property=\"og:type\" content=\"article\" \/>\n<meta property=\"og:title\" content=\"Testseite-2- Heimat- und Geschichtsverein Gohr und Broich e.V.\" \/>\n<meta property=\"og:description\" content=\"Heimat- und Geschichtsverein Gohr und Broich e.V. Heimat bewahren.Geschichte lebendig machen. Willkommen beim Heimat- und Geschichtsverein Gohr und Broich e.V. [&hellip;]\" \/>\n<meta property=\"og:url\" content=\"https:\/\/www.heimatverein-gohr.de\/index.php\/133-2\/\" \/>\n<meta property=\"og:site_name\" content=\"Heimat- und Geschichtsverein Gohr und Broich e.V.\" \/>\n<meta property=\"article:modified_time\" content=\"2026-04-05T15:53:38+00:00\" \/>\n<meta property=\"og:image\" content=\"https:\/\/images.unsplash.com\/photo-1467269204594-9661b134dd2b?auto=format&fit=crop&w=800&q=80\" \/>\n<meta name=\"twitter:card\" content=\"summary_large_image\" \/>\n<meta name=\"twitter:label1\" content=\"Gesch\u00e4tzte Lesezeit\" \/>\n\t<meta name=\"twitter:data1\" content=\"2\u00a0Minuten\" \/>\n<script type=\"application\/ld+json\" class=\"yoast-schema-graph\">{\"@context\":\"https:\\\/\\\/schema.org\",\"@graph\":[{\"@type\":\"WebPage\",\"@id\":\"https:\\\/\\\/www.heimatverein-gohr.de\\\/index.php\\\/133-2\\\/\",\"url\":\"https:\\\/\\\/www.heimatverein-gohr.de\\\/index.php\\\/133-2\\\/\",\"name\":\"Testseite-2- Heimat- und Geschichtsverein Gohr und Broich e.V.\",\"isPartOf\":{\"@id\":\"https:\\\/\\\/www.heimatverein-gohr.de\\\/#website\"},\"primaryImageOfPage\":{\"@id\":\"https:\\\/\\\/www.heimatverein-gohr.de\\\/index.php\\\/133-2\\\/#primaryimage\"},\"image\":{\"@id\":\"https:\\\/\\\/www.heimatverein-gohr.de\\\/index.php\\\/133-2\\\/#primaryimage\"},\"thumbnailUrl\":\"https:\\\/\\\/images.unsplash.com\\\/photo-1467269204594-9661b134dd2b?auto=format&fit=crop&w=800&q=80\",\"datePublished\":\"2026-04-05T15:53:22+00:00\",\"dateModified\":\"2026-04-05T15:53:38+00:00\",\"breadcrumb\":{\"@id\":\"https:\\\/\\\/www.heimatverein-gohr.de\\\/index.php\\\/133-2\\\/#breadcrumb\"},\"inLanguage\":\"de\",\"potentialAction\":[{\"@type\":\"ReadAction\",\"target\":[\"https:\\\/\\\/www.heimatverein-gohr.de\\\/index.php\\\/133-2\\\/\"]}]},{\"@type\":\"ImageObject\",\"inLanguage\":\"de\",\"@id\":\"https:\\\/\\\/www.heimatverein-gohr.de\\\/index.php\\\/133-2\\\/#primaryimage\",\"url\":\"https:\\\/\\\/images.unsplash.com\\\/photo-1467269204594-9661b134dd2b?auto=format&fit=crop&w=800&q=80\",\"contentUrl\":\"https:\\\/\\\/images.unsplash.com\\\/photo-1467269204594-9661b134dd2b?auto=format&fit=crop&w=800&q=80\"},{\"@type\":\"BreadcrumbList\",\"@id\":\"https:\\\/\\\/www.heimatverein-gohr.de\\\/index.php\\\/133-2\\\/#breadcrumb\",\"itemListElement\":[{\"@type\":\"ListItem\",\"position\":1,\"name\":\"Start\",\"item\":\"https:\\\/\\\/www.heimatverein-gohr.de\\\/\"},{\"@type\":\"ListItem\",\"position\":2,\"name\":\"Testseite-2-\"}]},{\"@type\":\"WebSite\",\"@id\":\"https:\\\/\\\/www.heimatverein-gohr.de\\\/#website\",\"url\":\"https:\\\/\\\/www.heimatverein-gohr.de\\\/\",\"name\":\"Heimat- und Geschichtsverein Gohr und Broich e.V.\",\"description\":\"Gohr &amp; Broich, hier f\u00fchlen wir uns wohl.\",\"publisher\":{\"@id\":\"https:\\\/\\\/www.heimatverein-gohr.de\\\/#organization\"},\"potentialAction\":[{\"@type\":\"SearchAction\",\"target\":{\"@type\":\"EntryPoint\",\"urlTemplate\":\"https:\\\/\\\/www.heimatverein-gohr.de\\\/?s={search_term_string}\"},\"query-input\":{\"@type\":\"PropertyValueSpecification\",\"valueRequired\":true,\"valueName\":\"search_term_string\"}}],\"inLanguage\":\"de\"},{\"@type\":\"Organization\",\"@id\":\"https:\\\/\\\/www.heimatverein-gohr.de\\\/#organization\",\"name\":\"Heimat- und Geschichtsverein Gohr und Broich e.V.\",\"url\":\"https:\\\/\\\/www.heimatverein-gohr.de\\\/\",\"logo\":{\"@type\":\"ImageObject\",\"inLanguage\":\"de\",\"@id\":\"https:\\\/\\\/www.heimatverein-gohr.de\\\/#\\\/schema\\\/logo\\\/image\\\/\",\"url\":\"https:\\\/\\\/www.heimatverein-gohr.de\\\/wp-content\\\/uploads\\\/2026\\\/03\\\/cropped-LOGO-HGV_rudolfkochs.webp\",\"contentUrl\":\"https:\\\/\\\/www.heimatverein-gohr.de\\\/wp-content\\\/uploads\\\/2026\\\/03\\\/cropped-LOGO-HGV_rudolfkochs.webp\",\"width\":558,\"height\":683,\"caption\":\"Heimat- und Geschichtsverein Gohr und Broich  e.V.\"},\"image\":{\"@id\":\"https:\\\/\\\/www.heimatverein-gohr.de\\\/#\\\/schema\\\/logo\\\/image\\\/\"}}]}<\/script>\n<!-- \/ Yoast SEO plugin. -->","yoast_head_json":{"title":"Testseite-2- Heimat- und Geschichtsverein Gohr und Broich e.V.","robots":{"index":"index","follow":"follow","max-snippet":"max-snippet:-1","max-image-preview":"max-image-preview:large","max-video-preview":"max-video-preview:-1"},"canonical":"https:\/\/www.heimatverein-gohr.de\/index.php\/133-2\/","og_locale":"de_DE","og_type":"article","og_title":"Testseite-2- Heimat- und Geschichtsverein Gohr und Broich e.V.","og_description":"Heimat- und Geschichtsverein Gohr und Broich e.V. Heimat bewahren.Geschichte lebendig machen. Willkommen beim Heimat- und Geschichtsverein Gohr und Broich e.V. [&hellip;]","og_url":"https:\/\/www.heimatverein-gohr.de\/index.php\/133-2\/","og_site_name":"Heimat- und Geschichtsverein Gohr und Broich e.V.","article_modified_time":"2026-04-05T15:53:38+00:00","og_image":[{"url":"https:\/\/images.unsplash.com\/photo-1467269204594-9661b134dd2b?auto=format&fit=crop&w=800&q=80","type":"","width":"","height":""}],"twitter_card":"summary_large_image","twitter_misc":{"Gesch\u00e4tzte Lesezeit":"2\u00a0Minuten"},"schema":{"@context":"https:\/\/schema.org","@graph":[{"@type":"WebPage","@id":"https:\/\/www.heimatverein-gohr.de\/index.php\/133-2\/","url":"https:\/\/www.heimatverein-gohr.de\/index.php\/133-2\/","name":"Testseite-2- Heimat- und Geschichtsverein Gohr und Broich e.V.","isPartOf":{"@id":"https:\/\/www.heimatverein-gohr.de\/#website"},"primaryImageOfPage":{"@id":"https:\/\/www.heimatverein-gohr.de\/index.php\/133-2\/#primaryimage"},"image":{"@id":"https:\/\/www.heimatverein-gohr.de\/index.php\/133-2\/#primaryimage"},"thumbnailUrl":"https:\/\/images.unsplash.com\/photo-1467269204594-9661b134dd2b?auto=format&fit=crop&w=800&q=80","datePublished":"2026-04-05T15:53:22+00:00","dateModified":"2026-04-05T15:53:38+00:00","breadcrumb":{"@id":"https:\/\/www.heimatverein-gohr.de\/index.php\/133-2\/#breadcrumb"},"inLanguage":"de","potentialAction":[{"@type":"ReadAction","target":["https:\/\/www.heimatverein-gohr.de\/index.php\/133-2\/"]}]},{"@type":"ImageObject","inLanguage":"de","@id":"https:\/\/www.heimatverein-gohr.de\/index.php\/133-2\/#primaryimage","url":"https:\/\/images.unsplash.com\/photo-1467269204594-9661b134dd2b?auto=format&fit=crop&w=800&q=80","contentUrl":"https:\/\/images.unsplash.com\/photo-1467269204594-9661b134dd2b?auto=format&fit=crop&w=800&q=80"},{"@type":"BreadcrumbList","@id":"https:\/\/www.heimatverein-gohr.de\/index.php\/133-2\/#breadcrumb","itemListElement":[{"@type":"ListItem","position":1,"name":"Start","item":"https:\/\/www.heimatverein-gohr.de\/"},{"@type":"ListItem","position":2,"name":"Testseite-2-"}]},{"@type":"WebSite","@id":"https:\/\/www.heimatverein-gohr.de\/#website","url":"https:\/\/www.heimatverein-gohr.de\/","name":"Heimat- und Geschichtsverein Gohr und Broich e.V.","description":"Gohr &amp; Broich, hier f\u00fchlen wir uns wohl.","publisher":{"@id":"https:\/\/www.heimatverein-gohr.de\/#organization"},"potentialAction":[{"@type":"SearchAction","target":{"@type":"EntryPoint","urlTemplate":"https:\/\/www.heimatverein-gohr.de\/?s={search_term_string}"},"query-input":{"@type":"PropertyValueSpecification","valueRequired":true,"valueName":"search_term_string"}}],"inLanguage":"de"},{"@type":"Organization","@id":"https:\/\/www.heimatverein-gohr.de\/#organization","name":"Heimat- und Geschichtsverein Gohr und Broich e.V.","url":"https:\/\/www.heimatverein-gohr.de\/","logo":{"@type":"ImageObject","inLanguage":"de","@id":"https:\/\/www.heimatverein-gohr.de\/#\/schema\/logo\/image\/","url":"https:\/\/www.heimatverein-gohr.de\/wp-content\/uploads\/2026\/03\/cropped-LOGO-HGV_rudolfkochs.webp","contentUrl":"https:\/\/www.heimatverein-gohr.de\/wp-content\/uploads\/2026\/03\/cropped-LOGO-HGV_rudolfkochs.webp","width":558,"height":683,"caption":"Heimat- und Geschichtsverein Gohr und Broich  e.V."},"image":{"@id":"https:\/\/www.heimatverein-gohr.de\/#\/schema\/logo\/image\/"}}]}},"_links":{"self":[{"href":"https:\/\/www.heimatverein-gohr.de\/index.php\/wp-json\/wp\/v2\/pages\/133","targetHints":{"allow":["GET"]}}],"collection":[{"href":"https:\/\/www.heimatverein-gohr.de\/index.php\/wp-json\/wp\/v2\/pages"}],"about":[{"href":"https:\/\/www.heimatverein-gohr.de\/index.php\/wp-json\/wp\/v2\/types\/page"}],"author":[{"embeddable":true,"href":"https:\/\/www.heimatverein-gohr.de\/index.php\/wp-json\/wp\/v2\/users\/1"}],"replies":[{"embeddable":true,"href":"https:\/\/www.heimatverein-gohr.de\/index.php\/wp-json\/wp\/v2\/comments?post=133"}],"version-history":[{"count":1,"href":"https:\/\/www.heimatverein-gohr.de\/index.php\/wp-json\/wp\/v2\/pages\/133\/revisions"}],"predecessor-version":[{"id":135,"href":"https:\/\/www.heimatverein-gohr.de\/index.php\/wp-json\/wp\/v2\/pages\/133\/revisions\/135"}],"wp:attachment":[{"href":"https:\/\/www.heimatverein-gohr.de\/index.php\/wp-json\/wp\/v2\/media?parent=133"}],"curies":[{"name":"wp","href":"https:\/\/api.w.org\/{rel}","templated":true}]}}