{"id":2,"date":"2026-03-17T10:33:33","date_gmt":"2026-03-17T10:33:33","guid":{"rendered":"https:\/\/www.heimatverein-gohr.de\/?page_id=2"},"modified":"2026-04-03T16:44:54","modified_gmt":"2026-04-03T16:44:54","slug":"sample-page","status":"publish","type":"page","link":"https:\/\/www.heimatverein-gohr.de\/","title":{"rendered":"Startseite"},"content":{"rendered":"\t\t<div data-elementor-type=\"wp-page\" data-elementor-id=\"2\" class=\"elementor elementor-2\">\n\t\t\t\t<div class=\"elementor-element elementor-element-36d24b9d e-flex e-con-boxed e-con e-parent\" data-id=\"36d24b9d\" data-element_type=\"container\" data-e-type=\"container\">\n\t\t\t\t\t<div class=\"e-con-inner\">\n\t\t\t\t<div class=\"elementor-element elementor-element-af89919 elementor-widget elementor-widget-heading\" data-id=\"af89919\" data-element_type=\"widget\" data-e-type=\"widget\" data-widget_type=\"heading.default\">\n\t\t\t\t\t<h2 class=\"elementor-heading-title elementor-size-default\">Heimat- und Geschichtsverein Gohr und Broich e.V.<\/h2>\t\t\t\t<\/div>\n\t\t\t\t<div class=\"elementor-element elementor-element-57f1df77 elementor-drop-cap-yes elementor-drop-cap-view-default elementor-widget elementor-widget-text-editor\" data-id=\"57f1df77\" data-element_type=\"widget\" data-e-type=\"widget\" data-settings=\"{&quot;drop_cap&quot;:&quot;yes&quot;}\" data-widget_type=\"text-editor.default\">\n\t\t\t\t\t\t\t\t\t<p><a name=\"wpaicg-chat-message-19376\"><\/a> Herzlich willkommen beim Heimat- und Geschichtsverein Gohr und Broich e.V.!<\/p>\n<p>Wir setzen uns mit Leidenschaft f\u00fcr die Geschichte, Kultur und das gemeinschaftliche Leben unserer Orte Gohr und Broich ein. Unsere Aktivit\u00e4ten umfassen Archivrecherchen, Ortsf\u00fchrungen, Vortr\u00e4ge, Ausstellungen und regelm\u00e4\u00dfige Treffen zum Austausch. Ziel ist es, Heimatbewusstsein zu st\u00e4rken, das Erbe zu bewahren und kommende Generationen \u00fcber unsere Wurzeln zu informieren. Werden Sie Teil unseres Vereins \u2013 gemeinsam entdecken, bewahren und gestalten wir die Geschichte unserer Region. F\u00fcr Informationen zu Mitgliedschaft, Veranstaltungen und Projekten besuchen Sie unsere Website oder kontaktieren Sie uns direkt.<\/p>\t\t\t\t\t\t\t\t<\/div>\n\t\t\t\t\t<\/div>\n\t\t\t\t<\/div>\n\t\t<div class=\"elementor-element elementor-element-013e62c e-flex e-con-boxed e-con e-parent\" data-id=\"013e62c\" data-element_type=\"container\" data-e-type=\"container\">\n\t\t\t\t\t<div class=\"e-con-inner\">\n\t\t<div class=\"elementor-element elementor-element-39ab30a e-con-full e-flex e-con e-child\" data-id=\"39ab30a\" data-element_type=\"container\" data-e-type=\"container\">\n\t\t\t\t<div class=\"elementor-element elementor-element-618bb63 elementor-widget elementor-widget-image\" data-id=\"618bb63\" data-element_type=\"widget\" data-e-type=\"widget\" data-widget_type=\"image.default\">\n\t\t\t\t\t\t\t\t\t\t\t\t<figure class=\"wp-caption\">\n\t\t\t\t\t\t\t\t\t\t<img fetchpriority=\"high\" decoding=\"async\" width=\"768\" height=\"1023\" src=\"https:\/\/www.heimatverein-gohr.de\/wp-content\/uploads\/2026\/03\/2026-01-16-St.-Odilia-768x1023.jpg\" class=\"attachment-medium_large size-medium_large wp-image-51\" alt=\"\" srcset=\"https:\/\/www.heimatverein-gohr.de\/wp-content\/uploads\/2026\/03\/2026-01-16-St.-Odilia-768x1023.jpg 768w, https:\/\/www.heimatverein-gohr.de\/wp-content\/uploads\/2026\/03\/2026-01-16-St.-Odilia-225x300.jpg 225w, https:\/\/www.heimatverein-gohr.de\/wp-content\/uploads\/2026\/03\/2026-01-16-St.-Odilia.jpg 782w\" sizes=\"(max-width: 768px) 100vw, 768px\" \/>\t\t\t\t\t\t\t\t\t\t\t<figcaption class=\"widget-image-caption wp-caption-text\">St. Odilia Gohr 2020<\/figcaption>\n\t\t\t\t\t\t\t\t\t\t<\/figure>\n\t\t\t\t\t\t\t\t\t<\/div>\n\t\t\t\t<\/div>\n\t\t<div class=\"elementor-element elementor-element-a52b408 e-con-full e-flex e-con e-child\" data-id=\"a52b408\" data-element_type=\"container\" data-e-type=\"container\">\n\t\t\t\t<\/div>\n\t\t\t\t\t<\/div>\n\t\t\t\t<\/div>\n\t\t\t\t<\/div>\n\t\t","protected":false},"excerpt":{"rendered":"<p>Heimat- und Geschichtsverein Gohr und Broich e.V. Herzlich willkommen beim Heimat- und Geschichtsverein Gohr und Broich e.V.! Wir setzen uns [&hellip;]<\/p>\n","protected":false},"author":1,"featured_media":49,"parent":0,"menu_order":0,"comment_status":"closed","ping_status":"closed","template":"","meta":{"site-sidebar-layout":"default","site-content-layout":"","ast-site-content-layout":"default","site-content-style":"default","site-sidebar-style":"default","ast-global-header-display":"","ast-banner-title-visibility":"","ast-main-header-display":"","ast-hfb-above-header-display":"","ast-hfb-below-header-display":"","ast-hfb-mobile-header-display":"","site-post-title":"","ast-breadcrumbs-content":"","ast-featured-img":"","footer-sml-layout":"","ast-disable-related-posts":"","theme-transparent-header-meta":"","adv-header-id-meta":"","stick-header-meta":"","header-above-stick-meta":"","header-main-stick-meta":"","header-below-stick-meta":"","astra-migrate-meta-layouts":"default","ast-page-background-enabled":"default","ast-page-background-meta":{"desktop":{"background-color":"var(--ast-global-color-5)","background-image":"","background-repeat":"repeat","background-position":"center center","background-size":"auto","background-attachment":"scroll","background-type":"","background-media":"","overlay-type":"","overlay-color":"","overlay-opacity":"","overlay-gradient":""},"tablet":{"background-color":"","background-image":"","background-repeat":"repeat","background-position":"center center","background-size":"auto","background-attachment":"scroll","background-type":"","background-media":"","overlay-type":"","overlay-color":"","overlay-opacity":"","overlay-gradient":""},"mobile":{"background-color":"","background-image":"","background-repeat":"repeat","background-position":"center center","background-size":"auto","background-attachment":"scroll","background-type":"","background-media":"","overlay-type":"","overlay-color":"","overlay-opacity":"","overlay-gradient":""}},"ast-content-background-meta":{"desktop":{"background-color":"var(--ast-global-color-4)","background-image":"","background-repeat":"repeat","background-position":"center center","background-size":"auto","background-attachment":"scroll","background-type":"","background-media":"","overlay-type":"","overlay-color":"","overlay-opacity":"","overlay-gradient":""},"tablet":{"background-color":"var(--ast-global-color-4)","background-image":"","background-repeat":"repeat","background-position":"center center","background-size":"auto","background-attachment":"scroll","background-type":"","background-media":"","overlay-type":"","overlay-color":"","overlay-opacity":"","overlay-gradient":""},"mobile":{"background-color":"var(--ast-global-color-4)","background-image":"","background-repeat":"repeat","background-position":"center center","background-size":"auto","background-attachment":"scroll","background-type":"","background-media":"","overlay-type":"","overlay-color":"","overlay-opacity":"","overlay-gradient":""}},"footnotes":""},"class_list":["post-2","page","type-page","status-publish","has-post-thumbnail","hentry"],"yoast_head":"<!-- This site is optimized with the Yoast SEO plugin v27.3 - https:\/\/yoast.com\/product\/yoast-seo-wordpress\/ -->\n<title>Startseite - Heimat- und Geschichtsverein Gohr und Broich e.V.<\/title>\n<meta name=\"robots\" content=\"index, follow, max-snippet:-1, max-image-preview:large, max-video-preview:-1\" \/>\n<link rel=\"canonical\" href=\"https:\/\/www.heimatverein-gohr.de\/\" \/>\n<meta property=\"og:locale\" content=\"de_DE\" \/>\n<meta property=\"og:type\" content=\"article\" \/>\n<meta property=\"og:title\" content=\"Startseite - Heimat- und Geschichtsverein Gohr und Broich e.V.\" \/>\n<meta property=\"og:description\" content=\"Heimat- und Geschichtsverein Gohr und Broich e.V. Herzlich willkommen beim Heimat- und Geschichtsverein Gohr und Broich e.V.! Wir setzen uns [&hellip;]\" \/>\n<meta property=\"og:url\" content=\"https:\/\/www.heimatverein-gohr.de\/\" \/>\n<meta property=\"og:site_name\" content=\"Heimat- und Geschichtsverein Gohr und Broich e.V.\" \/>\n<meta property=\"article:modified_time\" content=\"2026-04-03T16:44:54+00:00\" \/>\n<meta property=\"og:image\" content=\"https:\/\/www.heimatverein-gohr.de\/wp-content\/uploads\/2026\/03\/Design-ohne-Titel-scaled.webp\" \/>\n\t<meta property=\"og:image:width\" content=\"1920\" \/>\n\t<meta property=\"og:image:height\" content=\"1280\" \/>\n\t<meta property=\"og:image:type\" content=\"image\/webp\" \/>\n<meta name=\"twitter:card\" content=\"summary_large_image\" \/>\n<meta name=\"twitter:label1\" content=\"Gesch\u00e4tzte Lesezeit\" \/>\n\t<meta name=\"twitter:data1\" content=\"1\u00a0Minute\" \/>\n<script type=\"application\/ld+json\" class=\"yoast-schema-graph\">{\"@context\":\"https:\\\/\\\/schema.org\",\"@graph\":[{\"@type\":\"WebPage\",\"@id\":\"https:\\\/\\\/www.heimatverein-gohr.de\\\/\",\"url\":\"https:\\\/\\\/www.heimatverein-gohr.de\\\/\",\"name\":\"Startseite - Heimat- und Geschichtsverein Gohr und Broich e.V.\",\"isPartOf\":{\"@id\":\"https:\\\/\\\/www.heimatverein-gohr.de\\\/#website\"},\"primaryImageOfPage\":{\"@id\":\"https:\\\/\\\/www.heimatverein-gohr.de\\\/#primaryimage\"},\"image\":{\"@id\":\"https:\\\/\\\/www.heimatverein-gohr.de\\\/#primaryimage\"},\"thumbnailUrl\":\"https:\\\/\\\/www.heimatverein-gohr.de\\\/wp-content\\\/uploads\\\/2026\\\/03\\\/Design-ohne-Titel-scaled.webp\",\"datePublished\":\"2026-03-17T10:33:33+00:00\",\"dateModified\":\"2026-04-03T16:44:54+00:00\",\"breadcrumb\":{\"@id\":\"https:\\\/\\\/www.heimatverein-gohr.de\\\/#breadcrumb\"},\"inLanguage\":\"de\",\"potentialAction\":[{\"@type\":\"ReadAction\",\"target\":[\"https:\\\/\\\/www.heimatverein-gohr.de\\\/\"]}]},{\"@type\":\"ImageObject\",\"inLanguage\":\"de\",\"@id\":\"https:\\\/\\\/www.heimatverein-gohr.de\\\/#primaryimage\",\"url\":\"https:\\\/\\\/www.heimatverein-gohr.de\\\/wp-content\\\/uploads\\\/2026\\\/03\\\/Design-ohne-Titel-scaled.webp\",\"contentUrl\":\"https:\\\/\\\/www.heimatverein-gohr.de\\\/wp-content\\\/uploads\\\/2026\\\/03\\\/Design-ohne-Titel-scaled.webp\",\"width\":1920,\"height\":1280},{\"@type\":\"BreadcrumbList\",\"@id\":\"https:\\\/\\\/www.heimatverein-gohr.de\\\/#breadcrumb\",\"itemListElement\":[{\"@type\":\"ListItem\",\"position\":1,\"name\":\"Start\",\"item\":\"https:\\\/\\\/www.heimatverein-gohr.de\\\/\"},{\"@type\":\"ListItem\",\"position\":2,\"name\":\"Startseite\"}]},{\"@type\":\"WebSite\",\"@id\":\"https:\\\/\\\/www.heimatverein-gohr.de\\\/#website\",\"url\":\"https:\\\/\\\/www.heimatverein-gohr.de\\\/\",\"name\":\"Heimat- und Geschichtsverein Gohr und Broich e.V.\",\"description\":\"Gohr &amp; Broich, hier f\u00fchlen wir uns wohl.\",\"publisher\":{\"@id\":\"https:\\\/\\\/www.heimatverein-gohr.de\\\/#organization\"},\"potentialAction\":[{\"@type\":\"SearchAction\",\"target\":{\"@type\":\"EntryPoint\",\"urlTemplate\":\"https:\\\/\\\/www.heimatverein-gohr.de\\\/?s={search_term_string}\"},\"query-input\":{\"@type\":\"PropertyValueSpecification\",\"valueRequired\":true,\"valueName\":\"search_term_string\"}}],\"inLanguage\":\"de\"},{\"@type\":\"Organization\",\"@id\":\"https:\\\/\\\/www.heimatverein-gohr.de\\\/#organization\",\"name\":\"Heimat- und Geschichtsverein Gohr und Broich e.V.\",\"url\":\"https:\\\/\\\/www.heimatverein-gohr.de\\\/\",\"logo\":{\"@type\":\"ImageObject\",\"inLanguage\":\"de\",\"@id\":\"https:\\\/\\\/www.heimatverein-gohr.de\\\/#\\\/schema\\\/logo\\\/image\\\/\",\"url\":\"https:\\\/\\\/www.heimatverein-gohr.de\\\/wp-content\\\/uploads\\\/2026\\\/03\\\/cropped-LOGO-HGV_rudolfkochs.webp\",\"contentUrl\":\"https:\\\/\\\/www.heimatverein-gohr.de\\\/wp-content\\\/uploads\\\/2026\\\/03\\\/cropped-LOGO-HGV_rudolfkochs.webp\",\"width\":558,\"height\":683,\"caption\":\"Heimat- und Geschichtsverein Gohr und Broich  e.V.\"},\"image\":{\"@id\":\"https:\\\/\\\/www.heimatverein-gohr.de\\\/#\\\/schema\\\/logo\\\/image\\\/\"}}]}<\/script>\n<!-- \/ Yoast SEO plugin. -->","yoast_head_json":{"title":"Startseite - Heimat- und Geschichtsverein Gohr und Broich e.V.","robots":{"index":"index","follow":"follow","max-snippet":"max-snippet:-1","max-image-preview":"max-image-preview:large","max-video-preview":"max-video-preview:-1"},"canonical":"https:\/\/www.heimatverein-gohr.de\/","og_locale":"de_DE","og_type":"article","og_title":"Startseite - Heimat- und Geschichtsverein Gohr und Broich e.V.","og_description":"Heimat- und Geschichtsverein Gohr und Broich e.V. Herzlich willkommen beim Heimat- und Geschichtsverein Gohr und Broich e.V.! Wir setzen uns [&hellip;]","og_url":"https:\/\/www.heimatverein-gohr.de\/","og_site_name":"Heimat- und Geschichtsverein Gohr und Broich e.V.","article_modified_time":"2026-04-03T16:44:54+00:00","og_image":[{"width":1920,"height":1280,"url":"https:\/\/www.heimatverein-gohr.de\/wp-content\/uploads\/2026\/03\/Design-ohne-Titel-scaled.webp","type":"image\/webp"}],"twitter_card":"summary_large_image","twitter_misc":{"Gesch\u00e4tzte Lesezeit":"1\u00a0Minute"},"schema":{"@context":"https:\/\/schema.org","@graph":[{"@type":"WebPage","@id":"https:\/\/www.heimatverein-gohr.de\/","url":"https:\/\/www.heimatverein-gohr.de\/","name":"Startseite - Heimat- und Geschichtsverein Gohr und Broich e.V.","isPartOf":{"@id":"https:\/\/www.heimatverein-gohr.de\/#website"},"primaryImageOfPage":{"@id":"https:\/\/www.heimatverein-gohr.de\/#primaryimage"},"image":{"@id":"https:\/\/www.heimatverein-gohr.de\/#primaryimage"},"thumbnailUrl":"https:\/\/www.heimatverein-gohr.de\/wp-content\/uploads\/2026\/03\/Design-ohne-Titel-scaled.webp","datePublished":"2026-03-17T10:33:33+00:00","dateModified":"2026-04-03T16:44:54+00:00","breadcrumb":{"@id":"https:\/\/www.heimatverein-gohr.de\/#breadcrumb"},"inLanguage":"de","potentialAction":[{"@type":"ReadAction","target":["https:\/\/www.heimatverein-gohr.de\/"]}]},{"@type":"ImageObject","inLanguage":"de","@id":"https:\/\/www.heimatverein-gohr.de\/#primaryimage","url":"https:\/\/www.heimatverein-gohr.de\/wp-content\/uploads\/2026\/03\/Design-ohne-Titel-scaled.webp","contentUrl":"https:\/\/www.heimatverein-gohr.de\/wp-content\/uploads\/2026\/03\/Design-ohne-Titel-scaled.webp","width":1920,"height":1280},{"@type":"BreadcrumbList","@id":"https:\/\/www.heimatverein-gohr.de\/#breadcrumb","itemListElement":[{"@type":"ListItem","position":1,"name":"Start","item":"https:\/\/www.heimatverein-gohr.de\/"},{"@type":"ListItem","position":2,"name":"Startseite"}]},{"@type":"WebSite","@id":"https:\/\/www.heimatverein-gohr.de\/#website","url":"https:\/\/www.heimatverein-gohr.de\/","name":"Heimat- und Geschichtsverein Gohr und Broich e.V.","description":"Gohr &amp; Broich, hier f\u00fchlen wir uns wohl.","publisher":{"@id":"https:\/\/www.heimatverein-gohr.de\/#organization"},"potentialAction":[{"@type":"SearchAction","target":{"@type":"EntryPoint","urlTemplate":"https:\/\/www.heimatverein-gohr.de\/?s={search_term_string}"},"query-input":{"@type":"PropertyValueSpecification","valueRequired":true,"valueName":"search_term_string"}}],"inLanguage":"de"},{"@type":"Organization","@id":"https:\/\/www.heimatverein-gohr.de\/#organization","name":"Heimat- und Geschichtsverein Gohr und Broich e.V.","url":"https:\/\/www.heimatverein-gohr.de\/","logo":{"@type":"ImageObject","inLanguage":"de","@id":"https:\/\/www.heimatverein-gohr.de\/#\/schema\/logo\/image\/","url":"https:\/\/www.heimatverein-gohr.de\/wp-content\/uploads\/2026\/03\/cropped-LOGO-HGV_rudolfkochs.webp","contentUrl":"https:\/\/www.heimatverein-gohr.de\/wp-content\/uploads\/2026\/03\/cropped-LOGO-HGV_rudolfkochs.webp","width":558,"height":683,"caption":"Heimat- und Geschichtsverein Gohr und Broich  e.V."},"image":{"@id":"https:\/\/www.heimatverein-gohr.de\/#\/schema\/logo\/image\/"}}]}},"_links":{"self":[{"href":"https:\/\/www.heimatverein-gohr.de\/index.php\/wp-json\/wp\/v2\/pages\/2","targetHints":{"allow":["GET"]}}],"collection":[{"href":"https:\/\/www.heimatverein-gohr.de\/index.php\/wp-json\/wp\/v2\/pages"}],"about":[{"href":"https:\/\/www.heimatverein-gohr.de\/index.php\/wp-json\/wp\/v2\/types\/page"}],"author":[{"embeddable":true,"href":"https:\/\/www.heimatverein-gohr.de\/index.php\/wp-json\/wp\/v2\/users\/1"}],"replies":[{"embeddable":true,"href":"https:\/\/www.heimatverein-gohr.de\/index.php\/wp-json\/wp\/v2\/comments?post=2"}],"version-history":[{"count":29,"href":"https:\/\/www.heimatverein-gohr.de\/index.php\/wp-json\/wp\/v2\/pages\/2\/revisions"}],"predecessor-version":[{"id":114,"href":"https:\/\/www.heimatverein-gohr.de\/index.php\/wp-json\/wp\/v2\/pages\/2\/revisions\/114"}],"wp:featuredmedia":[{"embeddable":true,"href":"https:\/\/www.heimatverein-gohr.de\/index.php\/wp-json\/wp\/v2\/media\/49"}],"wp:attachment":[{"href":"https:\/\/www.heimatverein-gohr.de\/index.php\/wp-json\/wp\/v2\/media?parent=2"}],"curies":[{"name":"wp","href":"https:\/\/api.w.org\/{rel}","templated":true}]}}